{"id":121,"date":"2023-11-06T16:02:11","date_gmt":"2023-11-06T16:02:11","guid":{"rendered":"https:\/\/www.traventista.com\/de\/?page_id=121"},"modified":"2023-11-06T17:44:50","modified_gmt":"2023-11-06T17:44:50","slug":"willkommen-bei-traventista","status":"publish","type":"page","link":"https:\/\/www.traventista.com\/de\/","title":{"rendered":"Willkommen bei Traventista"},"content":{"rendered":"\n<h2 class=\"wp-block-heading\">Neueste Beitr\u00e4ge<\/h2>\n\n\n<ul class=\"wp-block-latest-posts__list is-grid columns-3 has-dates wp-block-latest-posts\"><li><div class=\"wp-block-latest-posts__featured-image\"><img loading=\"lazy\" decoding=\"async\" width=\"300\" height=\"200\" src=\"https:\/\/www.traventista.com\/de\/wp-content\/uploads\/sites\/4\/2023\/02\/DSC_0113-min-300x200.jpeg\" class=\"attachment-medium size-medium wp-post-image\" alt=\"Blick im Yosemite National Park vom Tunnel View Point.\" style=\"\" srcset=\"https:\/\/www.traventista.com\/de\/wp-content\/uploads\/sites\/4\/2023\/02\/DSC_0113-min-300x200.jpeg 300w, https:\/\/www.traventista.com\/de\/wp-content\/uploads\/sites\/4\/2023\/02\/DSC_0113-min-1024x683.jpeg 1024w, https:\/\/www.traventista.com\/de\/wp-content\/uploads\/sites\/4\/2023\/02\/DSC_0113-min-768x512.jpeg 768w, https:\/\/www.traventista.com\/de\/wp-content\/uploads\/sites\/4\/2023\/02\/DSC_0113-min-90x60.jpeg 90w, https:\/\/www.traventista.com\/de\/wp-content\/uploads\/sites\/4\/2023\/02\/DSC_0113-min.jpeg 1280w\" sizes=\"auto, (max-width: 300px) 100vw, 300px\" \/><\/div><a class=\"wp-block-latest-posts__post-title\" href=\"https:\/\/www.traventista.com\/de\/urlaub-yosemite-national-park\/\">Warten statt Wandern im Yosemite National Park<\/a><time datetime=\"2023-02-19T17:18:04+00:00\" class=\"wp-block-latest-posts__post-date\">Februar 19, 2023<\/time><div class=\"wp-block-latest-posts__post-excerpt\">Yosemite Reisechaos: Schnee, Krankheit und Frustration. Wie R\u00fcckschl\u00e4ge zu Entschleunigung wurden und warum Perspektivwechsel auf Reisen z\u00e4hlt.<\/div><\/li>\n<\/ul>\n\n\n<p><\/p>\n","protected":false},"excerpt":{"rendered":"<p>Neueste Beitr\u00e4ge<\/p>\n","protected":false},"author":1,"featured_media":0,"parent":0,"menu_order":0,"comment_status":"closed","ping_status":"closed","template":"","meta":{"_uag_custom_page_level_css":"","footnotes":""},"class_list":["post-121","page","type-page","status-publish","hentry"],"yoast_head":"<!-- This site is optimized with the Yoast SEO plugin v27.4 - https:\/\/yoast.com\/product\/yoast-seo-wordpress\/ -->\n<title>Willkommen bei Traventista | Traventista<\/title>\n<meta name=\"description\" content=\"Willkommen bei Traventista, ein Blog \u00fcber gro\u00dfe und kleine Abenteuer \ud83c\udf0d\" \/>\n<meta name=\"robots\" content=\"noindex, follow\" \/>\n<meta property=\"og:locale\" content=\"de_DE\" \/>\n<meta property=\"og:type\" content=\"article\" \/>\n<meta property=\"og:title\" content=\"Willkommen bei Traventista | Traventista\" \/>\n<meta property=\"og:description\" content=\"Willkommen bei Traventista, ein Blog \u00fcber gro\u00dfe und kleine Abenteuer \ud83c\udf0d\" \/>\n<meta property=\"og:url\" content=\"https:\/\/www.traventista.com\/de\/\" \/>\n<meta property=\"og:site_name\" content=\"Traventista\" \/>\n<meta property=\"article:modified_time\" content=\"2023-11-06T17:44:50+00:00\" \/>\n<meta name=\"twitter:card\" content=\"summary_large_image\" \/>\n<meta name=\"twitter:label1\" content=\"Gesch\u00e4tzte Lesezeit\" \/>\n\t<meta name=\"twitter:data1\" content=\"1\u00a0Minute\" \/>\n<script type=\"application\/ld+json\" class=\"yoast-schema-graph\">{\"@context\":\"https:\\\/\\\/schema.org\",\"@graph\":[{\"@type\":\"WebPage\",\"@id\":\"https:\\\/\\\/www.traventista.com\\\/de\\\/\",\"url\":\"https:\\\/\\\/www.traventista.com\\\/de\\\/\",\"name\":\"Willkommen bei Traventista | Traventista\",\"isPartOf\":{\"@id\":\"https:\\\/\\\/www.traventista.com\\\/de\\\/#website\"},\"datePublished\":\"2023-11-06T16:02:11+00:00\",\"dateModified\":\"2023-11-06T17:44:50+00:00\",\"description\":\"Willkommen bei Traventista, ein Blog \u00fcber gro\u00dfe und kleine Abenteuer \ud83c\udf0d\",\"breadcrumb\":{\"@id\":\"https:\\\/\\\/www.traventista.com\\\/de\\\/#breadcrumb\"},\"inLanguage\":\"de\",\"potentialAction\":[{\"@type\":\"ReadAction\",\"target\":[\"https:\\\/\\\/www.traventista.com\\\/de\\\/\"]}]},{\"@type\":\"BreadcrumbList\",\"@id\":\"https:\\\/\\\/www.traventista.com\\\/de\\\/#breadcrumb\",\"itemListElement\":[{\"@type\":\"ListItem\",\"position\":1,\"name\":\"Home\",\"item\":\"https:\\\/\\\/www.traventista.com\\\/de\\\/\"},{\"@type\":\"ListItem\",\"position\":2,\"name\":\"Willkommen bei Traventista\"}]},{\"@type\":\"WebSite\",\"@id\":\"https:\\\/\\\/www.traventista.com\\\/de\\\/#website\",\"url\":\"https:\\\/\\\/www.traventista.com\\\/de\\\/\",\"name\":\"Traventista\",\"description\":\"...von gro\u00dfen und kleinen Abenteuern\",\"potentialAction\":[{\"@type\":\"SearchAction\",\"target\":{\"@type\":\"EntryPoint\",\"urlTemplate\":\"https:\\\/\\\/www.traventista.com\\\/de\\\/?s={search_term_string}\"},\"query-input\":{\"@type\":\"PropertyValueSpecification\",\"valueRequired\":true,\"valueName\":\"search_term_string\"}}],\"inLanguage\":\"de\"}]}<\/script>\n<!-- \/ Yoast SEO plugin. -->","yoast_head_json":{"title":"Willkommen bei Traventista | Traventista","description":"Willkommen bei Traventista, ein Blog \u00fcber gro\u00dfe und kleine Abenteuer \ud83c\udf0d","robots":{"index":"noindex","follow":"follow"},"og_locale":"de_DE","og_type":"article","og_title":"Willkommen bei Traventista | Traventista","og_description":"Willkommen bei Traventista, ein Blog \u00fcber gro\u00dfe und kleine Abenteuer \ud83c\udf0d","og_url":"https:\/\/www.traventista.com\/de\/","og_site_name":"Traventista","article_modified_time":"2023-11-06T17:44:50+00:00","twitter_card":"summary_large_image","twitter_misc":{"Gesch\u00e4tzte Lesezeit":"1\u00a0Minute"},"schema":{"@context":"https:\/\/schema.org","@graph":[{"@type":"WebPage","@id":"https:\/\/www.traventista.com\/de\/","url":"https:\/\/www.traventista.com\/de\/","name":"Willkommen bei Traventista | Traventista","isPartOf":{"@id":"https:\/\/www.traventista.com\/de\/#website"},"datePublished":"2023-11-06T16:02:11+00:00","dateModified":"2023-11-06T17:44:50+00:00","description":"Willkommen bei Traventista, ein Blog \u00fcber gro\u00dfe und kleine Abenteuer \ud83c\udf0d","breadcrumb":{"@id":"https:\/\/www.traventista.com\/de\/#breadcrumb"},"inLanguage":"de","potentialAction":[{"@type":"ReadAction","target":["https:\/\/www.traventista.com\/de\/"]}]},{"@type":"BreadcrumbList","@id":"https:\/\/www.traventista.com\/de\/#breadcrumb","itemListElement":[{"@type":"ListItem","position":1,"name":"Home","item":"https:\/\/www.traventista.com\/de\/"},{"@type":"ListItem","position":2,"name":"Willkommen bei Traventista"}]},{"@type":"WebSite","@id":"https:\/\/www.traventista.com\/de\/#website","url":"https:\/\/www.traventista.com\/de\/","name":"Traventista","description":"...von gro\u00dfen und kleinen Abenteuern","potentialAction":[{"@type":"SearchAction","target":{"@type":"EntryPoint","urlTemplate":"https:\/\/www.traventista.com\/de\/?s={search_term_string}"},"query-input":{"@type":"PropertyValueSpecification","valueRequired":true,"valueName":"search_term_string"}}],"inLanguage":"de"}]}},"uagb_featured_image_src":{"full":false,"thumbnail":false,"medium":false,"medium_large":false,"large":false,"post-slider-thumb-size":false,"post-category-slider-size":false,"1536x1536":false,"2048x2048":false,"fashion-lifestyle-blog-home-two":false,"blossom-fashion-slider":false,"blossom-fashion-featured":false,"blossom-fashion-with-sidebar":false,"blossom-fashion-fullwidth":false,"blossom-fashion-blog-home":false,"blossom-fashion-blog-archive":false,"blossom-fashion-related":false,"blossom-fashion-popular":false,"blossom-fashion-schema":false,"blossom-fashion-shop":false},"uagb_author_info":{"display_name":"Jarvis","author_link":"https:\/\/www.traventista.com\/de\/author\/jarvis\/"},"uagb_comment_info":0,"uagb_excerpt":"Neueste Beitr\u00e4ge","_links":{"self":[{"href":"https:\/\/www.traventista.com\/de\/wp-json\/wp\/v2\/pages\/121","targetHints":{"allow":["GET"]}}],"collection":[{"href":"https:\/\/www.traventista.com\/de\/wp-json\/wp\/v2\/pages"}],"about":[{"href":"https:\/\/www.traventista.com\/de\/wp-json\/wp\/v2\/types\/page"}],"author":[{"embeddable":true,"href":"https:\/\/www.traventista.com\/de\/wp-json\/wp\/v2\/users\/1"}],"replies":[{"embeddable":true,"href":"https:\/\/www.traventista.com\/de\/wp-json\/wp\/v2\/comments?post=121"}],"version-history":[{"count":7,"href":"https:\/\/www.traventista.com\/de\/wp-json\/wp\/v2\/pages\/121\/revisions"}],"predecessor-version":[{"id":137,"href":"https:\/\/www.traventista.com\/de\/wp-json\/wp\/v2\/pages\/121\/revisions\/137"}],"wp:attachment":[{"href":"https:\/\/www.traventista.com\/de\/wp-json\/wp\/v2\/media?parent=121"}],"curies":[{"name":"wp","href":"https:\/\/api.w.org\/{rel}","templated":true}]}}