{"id":139,"date":"2024-01-11T21:48:07","date_gmt":"2024-01-11T21:48:07","guid":{"rendered":"https:\/\/www.traventista.com\/de\/?page_id=139"},"modified":"2025-07-06T17:40:03","modified_gmt":"2025-07-06T17:40:03","slug":"ueber-traventista","status":"publish","type":"page","link":"https:\/\/www.traventista.com\/de\/ueber-traventista\/","title":{"rendered":"\u00dcber Traventista"},"content":{"rendered":"\n<div class=\"wp-block-columns alignwide is-layout-flex wp-container-core-columns-is-layout-9d6595d7 wp-block-columns-is-layout-flex\">\n<div class=\"wp-block-column is-layout-flow wp-block-column-is-layout-flow\" style=\"flex-basis:33.33%\">\n<figure class=\"wp-block-image size-full is-style-rounded\"><img loading=\"lazy\" decoding=\"async\" width=\"783\" height=\"783\" src=\"https:\/\/www.traventista.com\/de\/wp-content\/uploads\/sites\/4\/2023\/09\/DSC_0259-1-edited-1.jpeg\" alt=\"Traventista\" class=\"wp-image-30\" srcset=\"https:\/\/www.traventista.com\/de\/wp-content\/uploads\/sites\/4\/2023\/09\/DSC_0259-1-edited-1.jpeg 783w, https:\/\/www.traventista.com\/de\/wp-content\/uploads\/sites\/4\/2023\/09\/DSC_0259-1-edited-1-300x300.jpeg 300w, https:\/\/www.traventista.com\/de\/wp-content\/uploads\/sites\/4\/2023\/09\/DSC_0259-1-edited-1-150x150.jpeg 150w, https:\/\/www.traventista.com\/de\/wp-content\/uploads\/sites\/4\/2023\/09\/DSC_0259-1-edited-1-768x768.jpeg 768w, https:\/\/www.traventista.com\/de\/wp-content\/uploads\/sites\/4\/2023\/09\/DSC_0259-1-edited-1-60x60.jpeg 60w\" sizes=\"auto, (max-width: 783px) 100vw, 783px\" \/><\/figure>\n<\/div>\n\n\n\n<div class=\"wp-block-column is-vertically-aligned-center is-layout-flow wp-block-column-is-layout-flow\" style=\"flex-basis:66.66%\">\n<p>Hi, ich bin Anja und das Gesicht hinter Traventista. Aufgewachsen im Allg\u00e4u habe ich meine Kindheit und Jugend in einer der sch\u00f6nsten Regionen verbringen d\u00fcrfen. Doch schon als Teenager war mir klar: Da gibt es noch so viel mehr zu sehen.<\/p>\n\n\n\n<p>Angefeuert durch die Erz\u00e4hlungen meiner Gro\u00dfeltern, die bereits so viel von der Welt gesehen und sogar in S\u00fcdafrika und Venezuela gelebt haben, hat es mich also kurz nach dem Abitur als Au Pair in die USA gezogen. Der Start einer Leidenschaft f\u00fcrs Reisen, Entdecken und Welterkunden.<\/p>\n\n\n\n<p>Nach zwei tollen Jahren in den USA bin ich Anfang 2016 wieder nach Deutschland zur\u00fcckgekehrt, habe Tourismusmanagement in M\u00fcnchen studiert \u2013 inklusive Auslandssemester in London \u2013 und einen berufsbegleitenden Master in Marketing und Communication angeh\u00e4ngt. Mittlerweile bin ich als Performance Marketing Managerin in der Outdoor-Branche t\u00e4tig. Und schreibe nun auch diesen Blog.<\/p>\n<\/div>\n<\/div>\n\n\n\n<h2 class=\"wp-block-heading\">Reisen + Abenteuer = Traventista<\/h2>\n\n\n\n<p>Aber Moment mal, warum eigentlich Traventista? \u00dcber den Namen meines Blogs habe ich mir lange Gedanken gemacht. Viele Ideen kamen mir in den Kopf &#8211; und wurden wieder verworfen. Wie konnte ich vermitteln, worum es hier geht? Reisen, ganz klar, aber eben auch die Momente, die ich gern als &#8222;Abenteuer&#8220; bezeichne. Nach vielem Gr\u00fcbeln und einigen Tassen Tee kam mir dann die Idee: Traventista ist eine Mischung aus &#8222;Travel&#8220; und &#8222;Aventura&#8220;, dem Spanischen Wort f\u00fcr Abenteuer und einer Sprache, die ich schon immer lernen wollte. Und so wie Fashionistas sich in die Welt der Mode vertiefen, dreht sich bei mir als Traventista eben alles um Reisen und Abenteuer.<\/p>\n\n\n\n<h2 class=\"wp-block-heading\">Was dich hier erwartet &#8211; und was nicht<\/h2>\n\n\n\n<p>Das Ziel? Dich mitzunehmen! Auf gro\u00dfe Expeditionen, aber auch auf die kleinen Abenteuer, die oft gar nicht als solche wahrgenommen werden. Dieser Blog soll dich inspirieren, Neues auszuprobieren und selbst kleine Abenteuer zu erleben.<\/p>\n\n\n\n<p>Was du bei mir nicht finden wirst: polierte Hochglanzbilder, auf denen alles makellos aussieht. Wenn du im Sommer in Rom am Trevibrunnen stehst, dann ist es dort voll, laut und eng. Das geh\u00f6rt zum Reisen dazu und sollte daher auch realistisch gezeigt werden. Denn was ich nicht m\u00f6chte, ist Erwartungen zu erzeugen, die nicht erf\u00fcllt werden k\u00f6nnen. Stattdessen erwarten dich echte Geschichten und ehrliche Einblicke mit allen H\u00f6hen und Tiefen. Wenn etwas schief geht oder nicht so l\u00e4uft, wie geplant \u2013 hey, das geh\u00f6rt dazu und wird genauso geteilt.<\/p>\n\n\n\n<p>Abenteuerlust geweckt? Dann viel Spa\u00df beim Lesen! <\/p>\n","protected":false},"excerpt":{"rendered":"<p>Traventista &#8211; Wer oder was steckt hier eigentlich dahinter? Hier erf\u00e4hrst du alles zur Autorin des Blogs, wie der Name zustande kam und was du erwarten kannst.<\/p>\n","protected":false},"author":1,"featured_media":0,"parent":0,"menu_order":0,"comment_status":"closed","ping_status":"closed","template":"","meta":{"_uag_custom_page_level_css":"","footnotes":""},"class_list":["post-139","page","type-page","status-publish","hentry"],"yoast_head":"<!-- This site is optimized with the Yoast SEO plugin v27.4 - https:\/\/yoast.com\/product\/yoast-seo-wordpress\/ -->\n<title>\u00dcber Traventista | Traventista<\/title>\n<meta name=\"description\" content=\"Was und wer steckt eigentlich hinter Traventista? \ud83e\uddd0 Hier erf\u00e4hrst du es! \ud83d\udc49 Jetzt lesen!\" \/>\n<meta name=\"robots\" content=\"noindex, follow, max-snippet:-1, max-image-preview:large, max-video-preview:-1\" \/>\n<meta property=\"og:locale\" content=\"de_DE\" \/>\n<meta property=\"og:type\" content=\"article\" \/>\n<meta property=\"og:title\" content=\"\u00dcber Traventista | Traventista\" \/>\n<meta property=\"og:description\" content=\"Was und wer steckt eigentlich hinter Traventista? \ud83e\uddd0 Hier erf\u00e4hrst du es! \ud83d\udc49 Jetzt lesen!\" \/>\n<meta property=\"og:url\" content=\"https:\/\/www.traventista.com\/de\/ueber-traventista\/\" \/>\n<meta property=\"og:site_name\" content=\"Traventista\" \/>\n<meta property=\"article:modified_time\" content=\"2025-07-06T17:40:03+00:00\" \/>\n<meta property=\"og:image\" content=\"https:\/\/www.traventista.com\/de\/wp-content\/uploads\/sites\/4\/2023\/09\/DSC_0259-1-edited-1.jpeg\" \/>\n\t<meta property=\"og:image:width\" content=\"783\" \/>\n\t<meta property=\"og:image:height\" content=\"783\" \/>\n\t<meta property=\"og:image:type\" content=\"image\/jpeg\" \/>\n<meta name=\"twitter:card\" content=\"summary_large_image\" \/>\n<meta name=\"twitter:label1\" content=\"Gesch\u00e4tzte Lesezeit\" \/>\n\t<meta name=\"twitter:data1\" content=\"3\u00a0Minuten\" \/>\n<script type=\"application\/ld+json\" class=\"yoast-schema-graph\">{\"@context\":\"https:\\\/\\\/schema.org\",\"@graph\":[{\"@type\":[\"WebPage\",\"AboutPage\"],\"@id\":\"https:\\\/\\\/www.traventista.com\\\/de\\\/ueber-traventista\\\/\",\"url\":\"https:\\\/\\\/www.traventista.com\\\/de\\\/ueber-traventista\\\/\",\"name\":\"\u00dcber Traventista | Traventista\",\"isPartOf\":{\"@id\":\"https:\\\/\\\/www.traventista.com\\\/de\\\/#website\"},\"primaryImageOfPage\":{\"@id\":\"https:\\\/\\\/www.traventista.com\\\/de\\\/ueber-traventista\\\/#primaryimage\"},\"image\":{\"@id\":\"https:\\\/\\\/www.traventista.com\\\/de\\\/ueber-traventista\\\/#primaryimage\"},\"thumbnailUrl\":\"https:\\\/\\\/www.traventista.com\\\/de\\\/wp-content\\\/uploads\\\/sites\\\/4\\\/2023\\\/09\\\/DSC_0259-1-edited-1.jpeg\",\"datePublished\":\"2024-01-11T21:48:07+00:00\",\"dateModified\":\"2025-07-06T17:40:03+00:00\",\"description\":\"Was und wer steckt eigentlich hinter Traventista? \ud83e\uddd0 Hier erf\u00e4hrst du es! \ud83d\udc49 Jetzt lesen!\",\"breadcrumb\":{\"@id\":\"https:\\\/\\\/www.traventista.com\\\/de\\\/ueber-traventista\\\/#breadcrumb\"},\"inLanguage\":\"de\",\"potentialAction\":[{\"@type\":\"ReadAction\",\"target\":[\"https:\\\/\\\/www.traventista.com\\\/de\\\/ueber-traventista\\\/\"]}]},{\"@type\":\"ImageObject\",\"inLanguage\":\"de\",\"@id\":\"https:\\\/\\\/www.traventista.com\\\/de\\\/ueber-traventista\\\/#primaryimage\",\"url\":\"https:\\\/\\\/www.traventista.com\\\/de\\\/wp-content\\\/uploads\\\/sites\\\/4\\\/2023\\\/09\\\/DSC_0259-1-edited-1.jpeg\",\"contentUrl\":\"https:\\\/\\\/www.traventista.com\\\/de\\\/wp-content\\\/uploads\\\/sites\\\/4\\\/2023\\\/09\\\/DSC_0259-1-edited-1.jpeg\",\"width\":783,\"height\":783,\"caption\":\"Traventista\"},{\"@type\":\"BreadcrumbList\",\"@id\":\"https:\\\/\\\/www.traventista.com\\\/de\\\/ueber-traventista\\\/#breadcrumb\",\"itemListElement\":[{\"@type\":\"ListItem\",\"position\":1,\"name\":\"Home\",\"item\":\"https:\\\/\\\/www.traventista.com\\\/de\\\/\"},{\"@type\":\"ListItem\",\"position\":2,\"name\":\"\u00dcber Traventista\"}]},{\"@type\":\"WebSite\",\"@id\":\"https:\\\/\\\/www.traventista.com\\\/de\\\/#website\",\"url\":\"https:\\\/\\\/www.traventista.com\\\/de\\\/\",\"name\":\"Traventista\",\"description\":\"...von gro\u00dfen und kleinen Abenteuern\",\"potentialAction\":[{\"@type\":\"SearchAction\",\"target\":{\"@type\":\"EntryPoint\",\"urlTemplate\":\"https:\\\/\\\/www.traventista.com\\\/de\\\/?s={search_term_string}\"},\"query-input\":{\"@type\":\"PropertyValueSpecification\",\"valueRequired\":true,\"valueName\":\"search_term_string\"}}],\"inLanguage\":\"de\"}]}<\/script>\n<!-- \/ Yoast SEO plugin. -->","yoast_head_json":{"title":"\u00dcber Traventista | Traventista","description":"Was und wer steckt eigentlich hinter Traventista? \ud83e\uddd0 Hier erf\u00e4hrst du es! \ud83d\udc49 Jetzt lesen!","robots":{"index":"noindex","follow":"follow","max-snippet":"max-snippet:-1","max-image-preview":"max-image-preview:large","max-video-preview":"max-video-preview:-1"},"og_locale":"de_DE","og_type":"article","og_title":"\u00dcber Traventista | Traventista","og_description":"Was und wer steckt eigentlich hinter Traventista? \ud83e\uddd0 Hier erf\u00e4hrst du es! \ud83d\udc49 Jetzt lesen!","og_url":"https:\/\/www.traventista.com\/de\/ueber-traventista\/","og_site_name":"Traventista","article_modified_time":"2025-07-06T17:40:03+00:00","og_image":[{"width":783,"height":783,"url":"https:\/\/www.traventista.com\/de\/wp-content\/uploads\/sites\/4\/2023\/09\/DSC_0259-1-edited-1.jpeg","type":"image\/jpeg"}],"twitter_card":"summary_large_image","twitter_misc":{"Gesch\u00e4tzte Lesezeit":"3\u00a0Minuten"},"schema":{"@context":"https:\/\/schema.org","@graph":[{"@type":["WebPage","AboutPage"],"@id":"https:\/\/www.traventista.com\/de\/ueber-traventista\/","url":"https:\/\/www.traventista.com\/de\/ueber-traventista\/","name":"\u00dcber Traventista | Traventista","isPartOf":{"@id":"https:\/\/www.traventista.com\/de\/#website"},"primaryImageOfPage":{"@id":"https:\/\/www.traventista.com\/de\/ueber-traventista\/#primaryimage"},"image":{"@id":"https:\/\/www.traventista.com\/de\/ueber-traventista\/#primaryimage"},"thumbnailUrl":"https:\/\/www.traventista.com\/de\/wp-content\/uploads\/sites\/4\/2023\/09\/DSC_0259-1-edited-1.jpeg","datePublished":"2024-01-11T21:48:07+00:00","dateModified":"2025-07-06T17:40:03+00:00","description":"Was und wer steckt eigentlich hinter Traventista? \ud83e\uddd0 Hier erf\u00e4hrst du es! \ud83d\udc49 Jetzt lesen!","breadcrumb":{"@id":"https:\/\/www.traventista.com\/de\/ueber-traventista\/#breadcrumb"},"inLanguage":"de","potentialAction":[{"@type":"ReadAction","target":["https:\/\/www.traventista.com\/de\/ueber-traventista\/"]}]},{"@type":"ImageObject","inLanguage":"de","@id":"https:\/\/www.traventista.com\/de\/ueber-traventista\/#primaryimage","url":"https:\/\/www.traventista.com\/de\/wp-content\/uploads\/sites\/4\/2023\/09\/DSC_0259-1-edited-1.jpeg","contentUrl":"https:\/\/www.traventista.com\/de\/wp-content\/uploads\/sites\/4\/2023\/09\/DSC_0259-1-edited-1.jpeg","width":783,"height":783,"caption":"Traventista"},{"@type":"BreadcrumbList","@id":"https:\/\/www.traventista.com\/de\/ueber-traventista\/#breadcrumb","itemListElement":[{"@type":"ListItem","position":1,"name":"Home","item":"https:\/\/www.traventista.com\/de\/"},{"@type":"ListItem","position":2,"name":"\u00dcber Traventista"}]},{"@type":"WebSite","@id":"https:\/\/www.traventista.com\/de\/#website","url":"https:\/\/www.traventista.com\/de\/","name":"Traventista","description":"...von gro\u00dfen und kleinen Abenteuern","potentialAction":[{"@type":"SearchAction","target":{"@type":"EntryPoint","urlTemplate":"https:\/\/www.traventista.com\/de\/?s={search_term_string}"},"query-input":{"@type":"PropertyValueSpecification","valueRequired":true,"valueName":"search_term_string"}}],"inLanguage":"de"}]}},"uagb_featured_image_src":{"full":false,"thumbnail":false,"medium":false,"medium_large":false,"large":false,"post-slider-thumb-size":false,"post-category-slider-size":false,"1536x1536":false,"2048x2048":false,"fashion-lifestyle-blog-home-two":false,"blossom-fashion-slider":false,"blossom-fashion-featured":false,"blossom-fashion-with-sidebar":false,"blossom-fashion-fullwidth":false,"blossom-fashion-blog-home":false,"blossom-fashion-blog-archive":false,"blossom-fashion-related":false,"blossom-fashion-popular":false,"blossom-fashion-schema":false,"blossom-fashion-shop":false},"uagb_author_info":{"display_name":"Jarvis","author_link":"https:\/\/www.traventista.com\/de\/author\/jarvis\/"},"uagb_comment_info":0,"uagb_excerpt":"Traventista - Wer oder was steckt hier eigentlich dahinter? Hier erf\u00e4hrst du alles zur Autorin des Blogs, wie der Name zustande kam und was du erwarten kannst.","_links":{"self":[{"href":"https:\/\/www.traventista.com\/de\/wp-json\/wp\/v2\/pages\/139","targetHints":{"allow":["GET"]}}],"collection":[{"href":"https:\/\/www.traventista.com\/de\/wp-json\/wp\/v2\/pages"}],"about":[{"href":"https:\/\/www.traventista.com\/de\/wp-json\/wp\/v2\/types\/page"}],"author":[{"embeddable":true,"href":"https:\/\/www.traventista.com\/de\/wp-json\/wp\/v2\/users\/1"}],"replies":[{"embeddable":true,"href":"https:\/\/www.traventista.com\/de\/wp-json\/wp\/v2\/comments?post=139"}],"version-history":[{"count":15,"href":"https:\/\/www.traventista.com\/de\/wp-json\/wp\/v2\/pages\/139\/revisions"}],"predecessor-version":[{"id":234,"href":"https:\/\/www.traventista.com\/de\/wp-json\/wp\/v2\/pages\/139\/revisions\/234"}],"wp:attachment":[{"href":"https:\/\/www.traventista.com\/de\/wp-json\/wp\/v2\/media?parent=139"}],"curies":[{"name":"wp","href":"https:\/\/api.w.org\/{rel}","templated":true}]}}